{"id":5,"date":"2020-12-12T20:26:05","date_gmt":"2020-12-12T19:26:05","guid":{"rendered":"https:\/\/kreativeunion.lima.zone\/?page_id=5"},"modified":"2021-04-03T13:14:04","modified_gmt":"2021-04-03T11:14:04","slug":"gestalte-deine-website-mit-bloecken","status":"publish","type":"page","link":"https:\/\/rusunion.org\/de\/","title":{"rendered":"Startseite"},"content":{"rendered":"\t\t<div class=\"wpsisac-slick-slider-wrp wpsisac-clearfix \" data-conf=\"{&quot;dots&quot;:&quot;false&quot;,&quot;arrows&quot;:&quot;true&quot;,&quot;autoplay&quot;:&quot;true&quot;,&quot;autoplay_interval&quot;:3000,&quot;fade&quot;:&quot;true&quot;,&quot;lazyload&quot;:&quot;&quot;,&quot;speed&quot;:300,&quot;rtl&quot;:&quot;false&quot;,&quot;loop&quot;:&quot;true&quot;,&quot;hover_pause&quot;:&quot;true&quot;}\">\r\n\t\t\t<div id=\"wpsisac-slick-slider-1\" class=\"wpsisac-slick-init wpsisac-slick-slider design-1 wpsisac-image-fit\">\r\n\r\n\t\t\t\t<div class=\"wpsisac-image-slide\">\r\t<div class=\"wpsisac-slide-wrap\" style=\"\">\r\t\t\t\t\t<img decoding=\"async\"  src=\"https:\/\/rusunion.org\/wp-content\/uploads\/10.jpg\" alt=\"Slide 10\" \/>\r\t\t\t<\/div>\r<\/div><div class=\"wpsisac-image-slide\">\r\t<div class=\"wpsisac-slide-wrap\" style=\"\">\r\t\t\t\t\t<img decoding=\"async\"  src=\"https:\/\/rusunion.org\/wp-content\/uploads\/9.jpg\" alt=\"Slide 9\" \/>\r\t\t\t<\/div>\r<\/div><div class=\"wpsisac-image-slide\">\r\t<div class=\"wpsisac-slide-wrap\" style=\"\">\r\t\t\t\t\t<img decoding=\"async\"  src=\"https:\/\/rusunion.org\/wp-content\/uploads\/8.jpg\" alt=\"Slide 8\" \/>\r\t\t\t<\/div>\r<\/div><div class=\"wpsisac-image-slide\">\r\t<div class=\"wpsisac-slide-wrap\" style=\"\">\r\t\t\t\t\t<img decoding=\"async\"  src=\"https:\/\/rusunion.org\/wp-content\/uploads\/7.jpg\" alt=\"Slide 7\" \/>\r\t\t\t<\/div>\r<\/div><div class=\"wpsisac-image-slide\">\r\t<div class=\"wpsisac-slide-wrap\" style=\"\">\r\t\t\t\t\t<img decoding=\"async\"  src=\"https:\/\/rusunion.org\/wp-content\/uploads\/6.jpg\" alt=\"Slide 6\" \/>\r\t\t\t<\/div>\r<\/div><div class=\"wpsisac-image-slide\">\r\t<div class=\"wpsisac-slide-wrap\" style=\"\">\r\t\t\t\t\t<img decoding=\"async\"  src=\"https:\/\/rusunion.org\/wp-content\/uploads\/5.jpg\" alt=\"Slide 5\" \/>\r\t\t\t<\/div>\r<\/div><div class=\"wpsisac-image-slide\">\r\t<div class=\"wpsisac-slide-wrap\" style=\"\">\r\t\t\t\t\t<img decoding=\"async\"  src=\"https:\/\/rusunion.org\/wp-content\/uploads\/4.jpg\" alt=\"Slider 4\" \/>\r\t\t\t<\/div>\r<\/div><div class=\"wpsisac-image-slide\">\r\t<div class=\"wpsisac-slide-wrap\" style=\"\">\r\t\t\t\t\t<img decoding=\"async\"  src=\"https:\/\/rusunion.org\/wp-content\/uploads\/3.jpg\" alt=\"Slide 3\" \/>\r\t\t\t<\/div>\r<\/div><div class=\"wpsisac-image-slide\">\r\t<div class=\"wpsisac-slide-wrap\" style=\"\">\r\t\t\t\t\t<img decoding=\"async\"  src=\"https:\/\/rusunion.org\/wp-content\/uploads\/2.jpg\" alt=\"Slide 2\" \/>\r\t\t\t<\/div>\r<\/div><div class=\"wpsisac-image-slide\">\r\t<div class=\"wpsisac-slide-wrap\" style=\"\">\r\t\t\t\t\t<img decoding=\"async\"  src=\"https:\/\/rusunion.org\/wp-content\/uploads\/1.jpg\" alt=\"Slide 1\" \/>\r\t\t\t<\/div>\r<\/div>\r\n\t\t\t<\/div>\r\n\t\t<\/div>\r\n\t\n\n\n<h2 class=\"has-text-align-center has-text-color wp-block-heading\" style=\"color:#cdab71\">Unsere K\u00fcnstler<\/h2>\n\n\n\n<div class=\"wp-block-columns alignwide is-style-default is-layout-flex wp-container-core-columns-is-layout-9d6595d7 wp-block-columns-is-layout-flex\">\n<div class=\"wp-block-column is-vertically-aligned-top is-layout-flow wp-block-column-is-layout-flow\">\n<div class=\"wp-block-cover startseite-cover ek-linked-block\" style=\"min-height:250px;aspect-ratio:unset;\"><img loading=\"lazy\" decoding=\"async\" width=\"829\" height=\"1057\" class=\"wp-block-cover__image-background wp-image-3185\" alt=\"\" src=\"https:\/\/rusunion.org\/wp-content\/uploads\/DPI_2020_block_demo-2.jpg\" data-object-fit=\"cover\" srcset=\"https:\/\/rusunion.org\/wp-content\/uploads\/DPI_2020_block_demo-2.jpg 829w, https:\/\/rusunion.org\/wp-content\/uploads\/DPI_2020_block_demo-2-235x300.jpg 235w, https:\/\/rusunion.org\/wp-content\/uploads\/DPI_2020_block_demo-2-803x1024.jpg 803w, https:\/\/rusunion.org\/wp-content\/uploads\/DPI_2020_block_demo-2-768x979.jpg 768w\" sizes=\"auto, (max-width: 829px) 100vw, 829px\" \/><div class=\"wp-block-cover__inner-container is-layout-flow wp-block-cover-is-layout-flow\">\n<p class=\"has-text-align-center\" style=\"font-size:30px\">Argentov &#8222;SCHMUCKHAUS&#8220;<\/p>\n<\/div><a href=\"https:\/\/rusunion.org\/de\/argentov-schmuckhaus\/\" class=\"editorskit-block-link\" rel=\"\"><\/a><\/div>\n\n\n\n<div class=\"wp-block-cover startseite-cover ek-linked-block\" style=\"min-height:250px;aspect-ratio:unset;\"><img loading=\"lazy\" decoding=\"async\" width=\"684\" height=\"523\" class=\"wp-block-cover__image-background wp-image-3192\" alt=\"\" src=\"https:\/\/rusunion.org\/wp-content\/uploads\/K2.jpg\" style=\"object-position:48% 69%\" data-object-fit=\"cover\" data-object-position=\"48% 69%\" srcset=\"https:\/\/rusunion.org\/wp-content\/uploads\/K2.jpg 684w, https:\/\/rusunion.org\/wp-content\/uploads\/K2-300x229.jpg 300w\" sizes=\"auto, (max-width: 684px) 100vw, 684px\" \/><div class=\"wp-block-cover__inner-container is-layout-flow wp-block-cover-is-layout-flow\">\n<p class=\"has-text-align-center\" style=\"font-size:30px\">Maria Morsina<\/p>\n<\/div><a href=\"https:\/\/rusunion.org\/de\/morsina-maria\/\" class=\"editorskit-block-link\" rel=\"\"><\/a><\/div>\n\n\n\n<div class=\"wp-block-cover startseite-cover ek-linked-block\" style=\"min-height:250px;aspect-ratio:unset;\"><img loading=\"lazy\" decoding=\"async\" width=\"412\" height=\"385\" class=\"wp-block-cover__image-background wp-image-3202\" alt=\"\" src=\"https:\/\/rusunion.org\/wp-content\/uploads\/K4.jpg\" data-object-fit=\"cover\" srcset=\"https:\/\/rusunion.org\/wp-content\/uploads\/K4.jpg 412w, https:\/\/rusunion.org\/wp-content\/uploads\/K4-300x280.jpg 300w\" sizes=\"auto, (max-width: 412px) 100vw, 412px\" \/><div class=\"wp-block-cover__inner-container is-layout-flow wp-block-cover-is-layout-flow\">\n<p class=\"has-text-align-center\" style=\"font-size:30px\">Elena Zvolko<\/p>\n<\/div><a href=\"https:\/\/rusunion.org\/de\/zvolko-elena\/\" class=\"editorskit-block-link\" rel=\"\"><\/a><\/div>\n\n\n\n<div class=\"wp-block-cover startseite-cover ek-linked-block\" style=\"min-height:250px;aspect-ratio:unset;\"><img loading=\"lazy\" decoding=\"async\" width=\"539\" height=\"498\" class=\"wp-block-cover__image-background wp-image-3208\" alt=\"\" src=\"https:\/\/rusunion.org\/wp-content\/uploads\/K5.jpg\" data-object-fit=\"cover\" srcset=\"https:\/\/rusunion.org\/wp-content\/uploads\/K5.jpg 539w, https:\/\/rusunion.org\/wp-content\/uploads\/K5-300x277.jpg 300w\" sizes=\"auto, (max-width: 539px) 100vw, 539px\" \/><div class=\"wp-block-cover__inner-container is-layout-flow wp-block-cover-is-layout-flow\">\n<p class=\"has-text-align-center\" style=\"font-size:30px\">Michail Miljutin<\/p>\n<\/div><a href=\"https:\/\/rusunion.org\/de\/miljutin-michail\/\" class=\"editorskit-block-link\" rel=\"\"><\/a><\/div>\n<\/div>\n\n\n\n<div class=\"wp-block-column is-vertically-aligned-top is-layout-flow wp-block-column-is-layout-flow\">\n<div class=\"wp-block-cover startseite-cover ek-linked-block\" style=\"min-height:250px;aspect-ratio:unset;\"><img loading=\"lazy\" decoding=\"async\" width=\"449\" height=\"434\" class=\"wp-block-cover__image-background wp-image-3182\" alt=\"\" src=\"https:\/\/rusunion.org\/wp-content\/uploads\/k1.jpg\" data-object-fit=\"cover\" srcset=\"https:\/\/rusunion.org\/wp-content\/uploads\/k1.jpg 449w, https:\/\/rusunion.org\/wp-content\/uploads\/k1-300x290.jpg 300w\" sizes=\"auto, (max-width: 449px) 100vw, 449px\" \/><div class=\"wp-block-cover__inner-container is-layout-flow wp-block-cover-is-layout-flow\">\n<p class=\"has-text-align-center\" style=\"font-size:30px\">Gaik Aleksanjan<\/p>\n<\/div><a href=\"https:\/\/rusunion.org\/de\/aleksanjan-gaik\/\" class=\"editorskit-block-link\" rel=\"\"><\/a><\/div>\n\n\n\n<div class=\"wp-block-cover startseite-cover ek-linked-block\" style=\"min-height:250px;aspect-ratio:unset;\"><img loading=\"lazy\" decoding=\"async\" width=\"448\" height=\"308\" class=\"wp-block-cover__image-background wp-image-3194\" alt=\"\" src=\"https:\/\/rusunion.org\/wp-content\/uploads\/K3.jpg\" style=\"object-position:50% 50%\" data-object-fit=\"cover\" data-object-position=\"50% 50%\" srcset=\"https:\/\/rusunion.org\/wp-content\/uploads\/K3.jpg 448w, https:\/\/rusunion.org\/wp-content\/uploads\/K3-300x206.jpg 300w\" sizes=\"auto, (max-width: 448px) 100vw, 448px\" \/><div class=\"wp-block-cover__inner-container is-layout-flow wp-block-cover-is-layout-flow\">\n<p class=\"has-text-align-center\" style=\"font-size:30px\">Vyatcheslav Zajzev<\/p>\n<\/div><a href=\"https:\/\/rusunion.org\/de\/zajzev-vyacheslav\/\" class=\"editorskit-block-link\" rel=\"\"><\/a><\/div>\n\n\n\n<div class=\"wp-block-cover startseite-cover ek-linked-block\" style=\"min-height:250px;aspect-ratio:unset;\"><img loading=\"lazy\" decoding=\"async\" width=\"497\" height=\"345\" class=\"wp-block-cover__image-background wp-image-1145\" alt=\"\" src=\"https:\/\/rusunion.org\/wp-content\/uploads\/armo-balajan.png\" data-object-fit=\"cover\" srcset=\"https:\/\/rusunion.org\/wp-content\/uploads\/armo-balajan.png 497w, https:\/\/rusunion.org\/wp-content\/uploads\/armo-balajan-300x208.png 300w\" sizes=\"auto, (max-width: 497px) 100vw, 497px\" \/><div class=\"wp-block-cover__inner-container is-layout-flow wp-block-cover-is-layout-flow\">\n<p class=\"has-text-align-center\" style=\"font-size:30px\">Armo Balajan<\/p>\n<\/div><a href=\"https:\/\/rusunion.org\/de\/balajan-armo\/\" class=\"editorskit-block-link\" rel=\"\"><\/a><\/div>\n\n\n\n<div class=\"wp-block-cover is-repeated startseite-cover ek-linked-block\" style=\"background-image:url(https:\/\/rusunion.org\/wp-content\/uploads\/aleksei-donozov.png);min-height:250px;aspect-ratio:unset;\"><div class=\"wp-block-cover__inner-container is-layout-flow wp-block-cover-is-layout-flow\">\n<p class=\"has-text-align-center\" style=\"font-size:30px\">Aleksei Donozov<\/p>\n<\/div><a href=\"https:\/\/rusunion.org\/de\/donzov-alexej\/\" class=\"editorskit-block-link\" rel=\"\"><\/a><\/div>\n<\/div>\n\n\n\n<div class=\"wp-block-column is-vertically-aligned-top is-layout-flow wp-block-column-is-layout-flow\">\n<div class=\"wp-block-cover startseite-cover ek-linked-block\" style=\"min-height:250px;aspect-ratio:unset;\"><img loading=\"lazy\" decoding=\"async\" width=\"800\" height=\"500\" class=\"wp-block-cover__image-background wp-image-1139\" alt=\"\" src=\"https:\/\/rusunion.org\/wp-content\/uploads\/oleg-arevkov.jpg\" data-object-fit=\"cover\" srcset=\"https:\/\/rusunion.org\/wp-content\/uploads\/oleg-arevkov.jpg 800w, https:\/\/rusunion.org\/wp-content\/uploads\/oleg-arevkov-300x188.jpg 300w, https:\/\/rusunion.org\/wp-content\/uploads\/oleg-arevkov-768x480.jpg 768w\" sizes=\"auto, (max-width: 800px) 100vw, 800px\" \/><div class=\"wp-block-cover__inner-container is-layout-flow wp-block-cover-is-layout-flow\">\n<p class=\"has-text-align-center\" style=\"font-size:30px\">Oleg Arevkov<\/p>\n<\/div><a href=\"https:\/\/rusunion.org\/de\/arevkov-oleg\/\" class=\"editorskit-block-link\" rel=\"\"><\/a><\/div>\n\n\n\n<div class=\"wp-block-cover startseite-cover ek-linked-block\" style=\"min-height:250px;aspect-ratio:unset;\"><img loading=\"lazy\" decoding=\"async\" width=\"689\" height=\"769\" class=\"wp-block-cover__image-background wp-image-3197\" alt=\"\" src=\"https:\/\/rusunion.org\/wp-content\/uploads\/DPI_2020_block_demo-3.jpg\" data-object-fit=\"cover\" srcset=\"https:\/\/rusunion.org\/wp-content\/uploads\/DPI_2020_block_demo-3.jpg 689w, https:\/\/rusunion.org\/wp-content\/uploads\/DPI_2020_block_demo-3-269x300.jpg 269w\" sizes=\"auto, (max-width: 689px) 100vw, 689px\" \/><div class=\"wp-block-cover__inner-container is-layout-flow wp-block-cover-is-layout-flow\">\n<p class=\"has-text-align-center\" style=\"font-size:30px\">Nina Radsichovskaja<\/p>\n<\/div><a href=\"https:\/\/rusunion.org\/de\/nachname-vorname-2\/\" class=\"editorskit-block-link\" rel=\"\"><\/a><\/div>\n\n\n\n<div class=\"wp-block-cover startseite-cover ek-linked-block\" style=\"min-height:250px;aspect-ratio:unset;\"><img loading=\"lazy\" decoding=\"async\" width=\"684\" height=\"440\" class=\"wp-block-cover__image-background wp-image-3211\" alt=\"\" src=\"https:\/\/rusunion.org\/wp-content\/uploads\/K6.jpg\" data-object-fit=\"cover\" srcset=\"https:\/\/rusunion.org\/wp-content\/uploads\/K6.jpg 684w, https:\/\/rusunion.org\/wp-content\/uploads\/K6-300x193.jpg 300w\" sizes=\"auto, (max-width: 684px) 100vw, 684px\" \/><div class=\"wp-block-cover__inner-container is-layout-flow wp-block-cover-is-layout-flow\">\n<p class=\"has-text-align-center\" style=\"font-size:30px\">Valentin Rosanov<\/p>\n<\/div><a href=\"https:\/\/rusunion.org\/de\/rosanov-valentin\/\" class=\"editorskit-block-link\" rel=\"\"><\/a><\/div>\n\n\n\n<div class=\"wp-block-cover startseite-cover ek-linked-block\" style=\"min-height:250px;aspect-ratio:unset;\"><img loading=\"lazy\" decoding=\"async\" width=\"501\" height=\"291\" class=\"wp-block-cover__image-background wp-image-1244\" alt=\"\" src=\"https:\/\/rusunion.org\/wp-content\/uploads\/sergei-kolomizev.png\" style=\"object-position:56% 45%\" data-object-fit=\"cover\" data-object-position=\"56% 45%\" srcset=\"https:\/\/rusunion.org\/wp-content\/uploads\/sergei-kolomizev.png 501w, https:\/\/rusunion.org\/wp-content\/uploads\/sergei-kolomizev-300x174.png 300w\" sizes=\"auto, (max-width: 501px) 100vw, 501px\" \/><div class=\"wp-block-cover__inner-container is-layout-flow wp-block-cover-is-layout-flow\">\n<p class=\"has-text-align-center\" style=\"font-size:30px\">Sergei Kolomizev<\/p>\n<\/div><a href=\"https:\/\/rusunion.org\/de\/kolomijzew-sergej\/\" class=\"editorskit-block-link\" rel=\"\"><\/a><\/div>\n<\/div>\n<\/div>\n\n\n\n<div style=\"height:10px\" aria-hidden=\"true\" class=\"wp-block-spacer\"><\/div>\n\n\n\n<hr class=\"wp-block-separator\"\/>\n\n\n\n<h2 class=\"has-text-align-center has-text-color wp-block-heading\" id=\"ueber-uns\" style=\"color:#cdab71\">\u00dcber uns<\/h2>\n\n\n\n<div class=\"wp-block-group alignfull\"><div class=\"wp-block-group__inner-container is-layout-flow wp-block-group-is-layout-flow\">\n<p class=\"has-text-align-center\"><strong>Union der K\u00fcnstler f\u00fcr angewandte Kunst in Russland<\/strong><\/p>\n\n\n\n<p class=\"has-text-align-justify\">Die Union der K\u00fcnstler f\u00fcr angewandte Kunst ist eine Vereinigung von K\u00fcnstlern verschiedener Fachrichtungen, mit der gemeinsamen Idee einer Wiederbelebung der besten Traditionen aus unterschiedlichen Bereichen dieser Kunstdisziplin. Gemeinsam mit Experten, Kunsthistorikern und Bildungseinrichtungen bem\u00fchen sich die Mitglieder unserer Union um ein hohes Niveau der angewandten Kunst.<\/p>\n\n\n\n<p class=\"has-text-align-justify\">Es ist daher kein Zufall, dass als Vorbilder weltweit anerkannte Pers\u00f6nlichkeiten gew\u00e4hlt wurden, wie Iwan Hlebnikow, Pawel Owschinnikow, Karla Faberge, Karl Bolin und Gottlieb Jan, Waschkow, Kokorin, Derbyschew, die Gebr\u00fcder Graschew, Evgenij Lansere, Artemij Ober, Rjukart, I. W. Kejbel, Leopold S\u00e4ftingen, Ludwig Breitfu\u00df, Jeronym Posje, die Gebr\u00fcder Olowjanischnikow, Iwan Gubkin, Pawel Sasikow, Fjodor Butz, Karl Gan u.a.<\/p>\n\n\n\n<p class=\"has-text-align-justify\">Unsere Union existiert seit 2004. Das Ziel der Gr\u00fcndung und Entwicklung unserer Union besteht darin, dass wir nur mit gemeinsamen Anstrengungen vorankommen und uns weiterentwickeln. Zu unseren geplanten T\u00e4tigkeiten geh\u00f6rt die Organisation von Ausstellungen von Meistern der angewandten Kunst. Angedacht ist auch die Entwicklung unserer publizistischen T\u00e4tigkeit zur Popularisierung von russischen Werken der angewandten Kunst. Die Kunst hat keine Nationalit\u00e4t und kennt keine Grenzen. Wir laden jeden K\u00fcnstler, unabh\u00e4ngig vom Wohnort, dazu ein mit uns gemeinsam an Projekten der angewandten Kunst zu arbeiten. Das wichtigste was uns verbindet ist unsere Leidenschaft f\u00fcr die angewandte Kunst.<\/p>\n\n\n\n<p class=\"has-text-align-justify\">Wer kann Mitglied unserer Union werden? Juweliere, Ikonenmaler, Keramiker, Emalierer, Meister der Lackkunst, Glasbl\u00e4ser, Skulptoren, Designer, Textilk\u00fcnstler, Holzschnitzer. Wir sind offen f\u00fcr neue Kontakt und gemeinsame T\u00e4tigkeit.<\/p>\n\n\n\n<p class=\"has-text-align-justify\"><\/p>\n<\/div><\/div>\n\n\n\n<hr class=\"wp-block-separator\"\/>\n\n\n\n<h2 class=\"has-text-align-center has-text-color wp-block-heading\" style=\"color:#cdab71\">Videos<\/h2>\n\n\n\n<div class=\"wp-block-columns alignwide is-layout-flex wp-container-core-columns-is-layout-9d6595d7 wp-block-columns-is-layout-flex\">\n<div class=\"wp-block-column is-layout-flow wp-block-column-is-layout-flow\" style=\"flex-basis:50%\">\n<figure class=\"wp-block-embed is-type-rich is-provider-handler-einbetten wp-block-embed-handler-einbetten wp-embed-aspect-16-9 wp-has-aspect-ratio\"><div class=\"wp-block-embed__wrapper\">\n<iframe loading=\"lazy\" title=\"Yuri Petrov - Lackminiatur\" width=\"750\" height=\"422\" src=\"https:\/\/www.youtube-nocookie.com\/embed\/0BncLOrRSlI?feature=oembed&#038;showinfo=0\" frameborder=\"0\" allow=\"accelerometer; autoplay; clipboard-write; encrypted-media; gyroscope; picture-in-picture\" allowfullscreen><\/iframe>\n<\/div><\/figure>\n<\/div>\n\n\n\n<div class=\"wp-block-column is-layout-flow wp-block-column-is-layout-flow\" style=\"flex-basis:50%\">\n<figure class=\"wp-block-embed is-type-rich is-provider-handler-einbetten wp-block-embed-handler-einbetten wp-embed-aspect-16-9 wp-has-aspect-ratio\"><div class=\"wp-block-embed__wrapper\">\n<iframe loading=\"lazy\" title=\"Art Express\" width=\"750\" height=\"422\" src=\"https:\/\/www.youtube-nocookie.com\/embed\/ettKZGNC8HM?feature=oembed&#038;showinfo=0\" frameborder=\"0\" allow=\"accelerometer; autoplay; clipboard-write; encrypted-media; gyroscope; picture-in-picture\" allowfullscreen><\/iframe>\n<\/div><\/figure>\n<\/div>\n<\/div>\n\n\n\n<div class=\"wp-block-columns is-layout-flex wp-container-core-columns-is-layout-9d6595d7 wp-block-columns-is-layout-flex\">\n<div class=\"wp-block-column is-layout-flow wp-block-column-is-layout-flow\" style=\"flex-basis:100%\">\n<hr class=\"wp-block-separator\"\/>\n\n\n\n<h2 class=\"has-text-align-center has-text-color wp-block-heading\" style=\"color:#cdab71\">Neuigkeiten<\/h2>\n\n\n<ul class=\"wp-block-latest-posts__list aligncenter is-style-default block wp-block-latest-posts\"><li><a class=\"wp-block-latest-posts__post-title\" href=\"https:\/\/rusunion.org\/de\/wir-gedenken-georgij-wwedenskij\/\">Wir gedenken Georgij Wwedenskij<\/a><div class=\"wp-block-latest-posts__post-excerpt\">15 \u044f\u043d\u0432\u0430\u0440\u044f 2021 \u0433\u043e\u0434\u0430 \u043d\u0435 \u0441\u0442\u0430\u043b\u043e \u0413\u0435\u043e\u0440\u0433\u0438\u044f \u042d\u0434\u0438\u0448\u0435\u0440\u043e\u0432\u0438\u0447\u0430 \u0412\u0432\u0435\u0434\u0435\u043d\u0441\u043a\u043e\u0433\u043e (1954-2021) \u2013 \u043d\u0430\u0447\u0430\u043b\u044c\u043d\u0438\u043a\u0430 \u0432\u043e\u0435\u043d\u043d\u043e-\u0438\u0441\u0442\u043e\u0440\u0438\u0447\u0435\u0441\u043a\u043e\u0433\u043e \u043e\u0442\u0434\u0435\u043b\u0430 \u0413\u043e\u0441\u0443\u0434\u0430\u0440\u0441\u0442\u0432\u0435\u043d\u043d\u043e\u0433\u043e \u043c\u0443\u0437\u0435\u044f-\u0437\u0430\u043f\u043e\u0432\u0435\u0434\u043d\u0438\u043a\u0430 &#8222;\u0426\u0430\u0440\u0441\u043a\u043e\u0435 \u0421\u0435\u043b\u043e&#8220;. \u0415\u043c\u0443 \u0431\u044b\u043b\u043e \u0448\u0435\u0441\u0442\u044c\u0434\u0435\u0441\u044f\u0442 \u0448\u0435\u0441\u0442\u044c \u043b\u0435\u0442. \u0413\u0435\u043e\u0440\u0433\u0438\u0439 \u042d\u0434\u0438\u0448\u0435\u0440\u043e\u0432\u0438\u0447 \u2013 \u043c\u0443\u0437\u0435\u0439\u0449\u0438\u043a \u0438 \u0443\u0447\u0435\u043d\u044b\u0439, \u0444\u0430\u043d\u0430\u0442\u0438\u0447\u043d\u043e&hellip; <a class=\"more-link\" href=\"https:\/\/rusunion.org\/de\/wir-gedenken-georgij-wwedenskij\/\"><span class=\"screen-reader-text\">Wir gedenken Georgij Wwedenskij<\/span> weiterlesen<\/a><\/div><\/li>\n<li><a class=\"wp-block-latest-posts__post-title\" href=\"https:\/\/rusunion.org\/de\/studio-der-kriegskuenstler\/\">Studio der Kriegsk\u00fcnstler<\/a><div class=\"wp-block-latest-posts__post-excerpt\"><\/div><\/li>\n<li><a class=\"wp-block-latest-posts__post-title\" href=\"https:\/\/rusunion.org\/de\/dimitri-klimow-einer-der-besten-kuenstler-und-juweliere-des-landes-ist-verstorben\/\">Dimitri Klimow, einer der besten K\u00fcnstler und Juweliere des Landes ist verstorben<\/a><div class=\"wp-block-latest-posts__post-excerpt\"><\/div><\/li>\n<li><a class=\"wp-block-latest-posts__post-title\" href=\"https:\/\/rusunion.org\/de\/pressemitteilung-zuer-ausstellung-einzigartiges-russland\/\">Pressemitteilung zuer Ausstellung &#8222;Einzigartiges Russland&#8220;<\/a><div class=\"wp-block-latest-posts__post-excerpt\">190 \u043b\u0435\u0442 \u043d\u0430\u0437\u0430\u0434, \u043f\u043e\u0441\u043b\u0435 \u043f\u0430\u043d\u0434\u0435\u043c\u0438\u0438 , \u044d\u043f\u0438\u0434\u0435\u043c\u0438\u0438 \u0445\u043e\u043b\u0435\u0440\u044b\u00a0\u0432 1831 \u0433\u043e\u0434\u0443 \u043f\u0440\u0438 \u043f\u043e\u0434\u0434\u0435\u0440\u0436\u043a\u0435 \u041c\u0438\u043d\u0438\u0441\u0442\u0435\u0440\u0441\u0442\u0432\u0430 \u0444\u0438\u043d\u0430\u043d\u0441\u043e\u0432 \u0420\u043e\u0441\u0441\u0438\u0439\u0441\u043a\u043e\u0439 \u0438\u043c\u043f\u0435\u0440\u0438\u0438, \u0432 \u0441\u0430\u043c\u043e\u043c \u0446\u0435\u043d\u0442\u0440\u0435 \u041c\u043e\u0441\u043a\u0432\u044b, \u0441\u043e\u0441\u0442\u043e\u044f\u043b\u043e\u0441\u044c \u0422\u043e\u0440\u0436\u0435\u0441\u0442\u0432\u0435\u043d\u043d\u043e\u0435 \u043e\u0442\u043a\u0440\u044b\u0442\u0438\u0435 \u043f\u0435\u0440\u0432\u043e\u0439 \u0432 \u041c\u043e\u0441\u043a\u0432\u0435 \u0432\u0441\u0435\u0440\u043e\u0441\u0441\u0438\u0439\u0441\u043a\u043e\u0439 \u043c\u0430\u043d\u0443\u0444\u0430\u043a\u0442\u0443\u0440\u043d\u043e\u0439 \u0432\u044b\u0441\u0442\u0430\u0432\u043a\u0438.\u00a0\u041e\u0440\u0433\u0430\u043d\u0438\u0437\u0443\u044f \u043f\u0435\u0440\u0432\u044b\u0439\u00a0\u043f\u0440\u043e\u043c\u044b\u0448\u043b\u0435\u043d\u043d\u044b\u0439&hellip; <a class=\"more-link\" href=\"https:\/\/rusunion.org\/de\/pressemitteilung-zuer-ausstellung-einzigartiges-russland\/\"><span class=\"screen-reader-text\">Pressemitteilung zuer Ausstellung &#8222;Einzigartiges Russland&#8220;<\/span> weiterlesen<\/a><\/div><\/li>\n<li><a class=\"wp-block-latest-posts__post-title\" href=\"https:\/\/rusunion.org\/de\/lor-ipsum-lorium\/\">Lor Ipsum Lorium<\/a><div class=\"wp-block-latest-posts__post-excerpt\">Deutsch. Vero ex dolorem eos autem. Est necessitatibus magnam et quae. Quod dolores aut voluptatem dolores nulla eos neque. Unde fugiat sed est iste. Ipsa similique error temporibus adipisci ex&hellip; <a class=\"more-link\" href=\"https:\/\/rusunion.org\/de\/lor-ipsum-lorium\/\"><span class=\"screen-reader-text\">Lor Ipsum Lorium<\/span> weiterlesen<\/a><\/div><\/li>\n<\/ul><\/div>\n<\/div>\n","protected":false},"excerpt":{"rendered":"<p>Unsere K\u00fcnstler \u00dcber uns Union der K\u00fcnstler f\u00fcr angewandte Kunst in Russland Die Union der K\u00fcnstler f\u00fcr angewandte Kunst ist eine Vereinigung von K\u00fcnstlern verschiedener Fachrichtungen, mit der gemeinsamen Idee einer Wiederbelebung der besten Traditionen aus unterschiedlichen Bereichen dieser Kunstdisziplin. Gemeinsam mit Experten, Kunsthistorikern und Bildungseinrichtungen bem\u00fchen sich die Mitglieder unserer Union um ein hohes&hellip; <a class=\"more-link\" href=\"https:\/\/rusunion.org\/de\/\"><span class=\"screen-reader-text\">Startseite<\/span> weiterlesen<\/a><\/p>\n","protected":false},"author":2,"featured_media":0,"parent":0,"menu_order":0,"comment_status":"closed","ping_status":"closed","template":"","meta":{"_editorskit_title_hidden":false,"_editorskit_reading_time":1,"_editorskit_is_block_options_detached":false,"_editorskit_block_options_position":"{}","footnotes":""},"class_list":["post-5","page","type-page","status-publish","hentry","entry"],"_links":{"self":[{"href":"https:\/\/rusunion.org\/de\/wp-json\/wp\/v2\/pages\/5","targetHints":{"allow":["GET"]}}],"collection":[{"href":"https:\/\/rusunion.org\/de\/wp-json\/wp\/v2\/pages"}],"about":[{"href":"https:\/\/rusunion.org\/de\/wp-json\/wp\/v2\/types\/page"}],"author":[{"embeddable":true,"href":"https:\/\/rusunion.org\/de\/wp-json\/wp\/v2\/users\/2"}],"replies":[{"embeddable":true,"href":"https:\/\/rusunion.org\/de\/wp-json\/wp\/v2\/comments?post=5"}],"version-history":[{"count":25,"href":"https:\/\/rusunion.org\/de\/wp-json\/wp\/v2\/pages\/5\/revisions"}],"predecessor-version":[{"id":3513,"href":"https:\/\/rusunion.org\/de\/wp-json\/wp\/v2\/pages\/5\/revisions\/3513"}],"wp:attachment":[{"href":"https:\/\/rusunion.org\/de\/wp-json\/wp\/v2\/media?parent=5"}],"curies":[{"name":"wp","href":"https:\/\/api.w.org\/{rel}","templated":true}]}}